{"id":1060,"date":"2020-09-25T06:25:35","date_gmt":"2020-09-25T06:25:35","guid":{"rendered":"https:\/\/autogamero.com\/serveis\/"},"modified":"2025-05-05T10:50:27","modified_gmt":"2025-05-05T10:50:27","slug":"servicios-de-reparacion","status":"publish","type":"page","link":"https:\/\/autogamero.com\/es\/servicios-de-reparacion\/","title":{"rendered":"Servicios"},"content":{"rendered":"<p>[et_pb_section fb_built=\u00bb1&#8243; specialty=\u00bbon\u00bb module_class=\u00bbreverse_column\u00bb _builder_version=\u00bb4.16&#8243; _module_preset=\u00bbdefault\u00bb global_colors_info=\u00bb{}\u00bb][et_pb_column type=\u00bb1_4&#8243; _builder_version=\u00bb4.16&#8243; custom_padding=\u00bb|||\u00bb global_colors_info=\u00bb{}\u00bb custom_padding__hover=\u00bb|||\u00bb][et_pb_sidebar area=\u00bbet_pb_widget_area_1&#8243; show_border=\u00bboff\u00bb _builder_version=\u00bb4.16&#8243; _module_preset=\u00bbdefault\u00bb custom_margin=\u00bb||||false|false\u00bb global_colors_info=\u00bb{}\u00bb][\/et_pb_sidebar][et_pb_image src=\u00bbhttps:\/\/autogamero.com\/wp-content\/uploads\/2024\/03\/autogamero-2.png\u00bb title_text=\u00bbautogamero\u00bb _builder_version=\u00bb4.24.2&#8243; _module_preset=\u00bbdefault\u00bb global_colors_info=\u00bb{}\u00bb][\/et_pb_image][et_pb_text _builder_version=\u00bb4.24.2&#8243; _module_preset=\u00bbdefault\u00bb header_3_font=\u00bbCalibri||||||||\u00bb header_3_text_color=\u00bb#000000&#8243; header_3_font_size=\u00bb28px\u00bb custom_margin=\u00bb||25px||false|false\u00bb global_colors_info=\u00bb{}\u00bb]<\/p>\n<h3>Contacto<\/h3>\n<p>[\/et_pb_text][et_pb_blurb use_icon=\u00bbon\u00bb font_icon=\u00bb&#xe081;||divi||400&#8243; icon_placement=\u00bbleft\u00bb image_icon_width=\u00bb30px\u00bb _builder_version=\u00bb4.24.2&#8243; _module_preset=\u00bbdefault\u00bb body_font=\u00bbCalibri|600|||||||\u00bb body_text_color=\u00bb#000000&#8243; body_font_size=\u00bb16px\u00bb custom_margin=\u00bb||25px||false|false\u00bb custom_padding=\u00bb||25px||false|false\u00bb animation=\u00bboff\u00bb border_width_bottom=\u00bb1px\u00bb border_color_bottom=\u00bb#dbdbdb\u00bb icon_font_size=\u00bb30px\u00bb global_colors_info=\u00bb{}\u00bb]<\/p>\n<p><span>C\/ Pons I Arola N\u00ba. 79<\/span><br \/><span> 25240 Linyola \u2013 LLEIDA<\/span><\/p>\n<p>[\/et_pb_blurb][et_pb_blurb use_icon=\u00bbon\u00bb font_icon=\u00bb&#xe090;||divi||400&#8243; icon_placement=\u00bbleft\u00bb image_icon_width=\u00bb26px\u00bb _builder_version=\u00bb4.24.2&#8243; _module_preset=\u00bbdefault\u00bb body_font=\u00bb|600|||||||\u00bb body_text_color=\u00bb#000000&#8243; body_font_size=\u00bb16px\u00bb custom_margin=\u00bb||25px||false|false\u00bb custom_padding=\u00bb||25px||false|false\u00bb animation=\u00bboff\u00bb border_width_bottom=\u00bb1px\u00bb border_color_bottom=\u00bb#dbdbdb\u00bb icon_font_size=\u00bb26px\u00bb global_colors_info=\u00bb{}\u00bb]973 575 569[\/et_pb_blurb][et_pb_blurb use_icon=\u00bbon\u00bb font_icon=\u00bb&#xe076;||divi||400&#8243; icon_placement=\u00bbleft\u00bb image_icon_width=\u00bb24px\u00bb _builder_version=\u00bb4.24.2&#8243; _module_preset=\u00bbdefault\u00bb body_font=\u00bb|600|||||||\u00bb body_text_color=\u00bb#000000&#8243; body_font_size=\u00bb16px\u00bb background_layout=\u00bbdark\u00bb custom_padding=\u00bb||25px||false|false\u00bb animation=\u00bboff\u00bb icon_font_size=\u00bb24px\u00bb global_colors_info=\u00bb{}\u00bb]<\/p>\n<p>autogamero@hotmail.com <\/p>\n<p>[\/et_pb_blurb][\/et_pb_column][et_pb_column type=\u00bb3_4&#8243; specialty_columns=\u00bb3&#8243; _builder_version=\u00bb4.16&#8243; custom_padding=\u00bb|||\u00bb global_colors_info=\u00bb{}\u00bb custom_padding__hover=\u00bb|||\u00bb][et_pb_row_inner _builder_version=\u00bb4.16&#8243; _module_preset=\u00bbdefault\u00bb custom_padding=\u00bb5px||0px|||\u00bb global_colors_info=\u00bb{}\u00bb][et_pb_column_inner saved_specialty_column_type=\u00bb3_4&#8243; _builder_version=\u00bb4.16&#8243; _module_preset=\u00bbdefault\u00bb global_colors_info=\u00bb{}\u00bb][et_pb_text _builder_version=\u00bb4.24.2&#8243; _module_preset=\u00bbdefault\u00bb text_font=\u00bbCalibri||||||||\u00bb text_font_size=\u00bb16px\u00bb header_2_font=\u00bbCalibri|900|||||||\u00bb header_2_text_color=\u00bb#de251b\u00bb header_2_font_size=\u00bb46px\u00bb custom_margin=\u00bb||0px||false|false\u00bb custom_padding=\u00bb||17px|||\u00bb header_2_font_size_tablet=\u00bb\u00bb header_2_font_size_phone=\u00bb34px\u00bb header_2_font_size_last_edited=\u00bbon|phone\u00bb global_colors_info=\u00bb{}\u00bb]<\/p>\n<h2>Servicios Auto Gamero<\/h2>\n<p>[\/et_pb_text][et_pb_text _builder_version=\u00bb4.24.2&#8243; _module_preset=\u00bbdefault\u00bb text_font=\u00bbCalibri||||||||\u00bb text_font_size=\u00bb16px\u00bb global_colors_info=\u00bb{}\u00bb]<\/p>\n<p>Talleres Auto Gamero es taller CertifiedFirst, la red de profesionales en chapa y pintura que ofrece mayores garant\u00edas.<\/p>\n<p>La Garant\u00eda FIRST cubre fisuras, p\u00e9rdidas de adherencia y de brillo causadas por materiales de pintura defectuosos en las zonas en las que se ha realizado la reparaci\u00f3n original y que no han sufrido rectificaciones posteriores.<\/p>\n<p>[\/et_pb_text][\/et_pb_column_inner][\/et_pb_row_inner][et_pb_row_inner column_structure=\u00bb1_3,1_3,1_3&#8243; _builder_version=\u00bb4.24.2&#8243; _module_preset=\u00bbdefault\u00bb global_colors_info=\u00bb{}\u00bb][et_pb_column_inner type=\u00bb1_3&#8243; saved_specialty_column_type=\u00bb3_4&#8243; _builder_version=\u00bb4.24.2&#8243; _module_preset=\u00bbdefault\u00bb global_colors_info=\u00bb{}\u00bb][et_pb_team_member name=\u00bbChapa y Pintura\u00bb image_url=\u00bbhttps:\/\/autogamero.com\/wp-content\/uploads\/2024\/03\/1-1.png\u00bb icon_color=\u00bb#ffffff\u00bb use_icon_font_size=\u00bbon\u00bb icon_font_size=\u00bb14px\u00bb module_class=\u00bbcustom_teammember\u00bb _builder_version=\u00bb4.24.2&#8243; _module_preset=\u00bbdefault\u00bb header_font=\u00bbCalibri||||||||\u00bb header_font_size=\u00bb22px\u00bb position_font_size=\u00bb16px\u00bb background_color=\u00bb#FFFFFF\u00bb text_orientation=\u00bbcenter\u00bb custom_padding=\u00bb||||false|false\u00bb custom_css_member_description=\u00bbpadding:15px 25px 25px 25px;\u00bb custom_css_title=\u00bbpadding-bottom:5px;\u00bb box_shadow_style=\u00bbpreset1&#8243; box_shadow_blur=\u00bb24px\u00bb box_shadow_color=\u00bbrgba(10,10,10,0.19)\u00bb global_colors_info=\u00bb{}\u00bb custom_css_member_image__hover_enabled=\u00bbon|hover\u00bb][\/et_pb_team_member][\/et_pb_column_inner][et_pb_column_inner type=\u00bb1_3&#8243; saved_specialty_column_type=\u00bb3_4&#8243; _builder_version=\u00bb4.24.2&#8243; _module_preset=\u00bbdefault\u00bb global_colors_info=\u00bb{}\u00bb][et_pb_team_member name=\u00bbMec\u00e1nica r\u00e1pida\u00bb image_url=\u00bbhttps:\/\/autogamero.com\/wp-content\/uploads\/2024\/03\/4-1.png\u00bb icon_color=\u00bb#ffffff\u00bb use_icon_font_size=\u00bbon\u00bb icon_font_size=\u00bb14px\u00bb module_class=\u00bbcustom_teammember\u00bb _builder_version=\u00bb4.24.2&#8243; _module_preset=\u00bbdefault\u00bb header_font=\u00bbCalibri||||||||\u00bb header_font_size=\u00bb22px\u00bb position_font_size=\u00bb16px\u00bb background_color=\u00bb#FFFFFF\u00bb text_orientation=\u00bbcenter\u00bb custom_padding=\u00bb||||false|false\u00bb custom_css_member_description=\u00bbpadding:15px 25px 25px 25px;\u00bb custom_css_title=\u00bbpadding-bottom:5px;\u00bb box_shadow_style=\u00bbpreset1&#8243; box_shadow_blur=\u00bb24px\u00bb box_shadow_color=\u00bbrgba(10,10,10,0.19)\u00bb global_colors_info=\u00bb{}\u00bb custom_css_member_image__hover_enabled=\u00bbon|hover\u00bb][\/et_pb_team_member][\/et_pb_column_inner][et_pb_column_inner type=\u00bb1_3&#8243; saved_specialty_column_type=\u00bb3_4&#8243; _builder_version=\u00bb4.24.2&#8243; _module_preset=\u00bbdefault\u00bb global_colors_info=\u00bb{}\u00bb][et_pb_team_member name=\u00bbCambio de lunas\u00bb image_url=\u00bbhttps:\/\/autogamero.com\/wp-content\/uploads\/2024\/03\/3.png\u00bb icon_color=\u00bb#ffffff\u00bb use_icon_font_size=\u00bbon\u00bb icon_font_size=\u00bb14px\u00bb module_class=\u00bbcustom_teammember\u00bb _builder_version=\u00bb4.24.2&#8243; _module_preset=\u00bbdefault\u00bb header_font=\u00bbCalibri||||||||\u00bb header_font_size=\u00bb22px\u00bb position_font_size=\u00bb16px\u00bb background_color=\u00bb#FFFFFF\u00bb text_orientation=\u00bbcenter\u00bb custom_padding=\u00bb||||false|false\u00bb custom_css_member_description=\u00bbpadding:15px 25px 25px 25px;\u00bb custom_css_title=\u00bbpadding-bottom:5px;\u00bb box_shadow_style=\u00bbpreset1&#8243; box_shadow_blur=\u00bb24px\u00bb box_shadow_color=\u00bbrgba(10,10,10,0.19)\u00bb global_colors_info=\u00bb{}\u00bb custom_css_member_image__hover_enabled=\u00bbon|hover\u00bb][\/et_pb_team_member][\/et_pb_column_inner][\/et_pb_row_inner][et_pb_row_inner column_structure=\u00bb1_3,1_3,1_3&#8243; _builder_version=\u00bb4.24.2&#8243; _module_preset=\u00bbdefault\u00bb global_colors_info=\u00bb{}\u00bb][et_pb_column_inner type=\u00bb1_3&#8243; saved_specialty_column_type=\u00bb3_4&#8243; _builder_version=\u00bb4.24.2&#8243; _module_preset=\u00bbdefault\u00bb global_colors_info=\u00bb{}\u00bb][et_pb_team_member name=\u00bbRevisi\u00f3n Pre-ITV\u00bb image_url=\u00bbhttps:\/\/autogamero.com\/wp-content\/uploads\/2024\/03\/3-1.png\u00bb icon_color=\u00bb#ffffff\u00bb use_icon_font_size=\u00bbon\u00bb icon_font_size=\u00bb14px\u00bb module_class=\u00bbcustom_teammember\u00bb _builder_version=\u00bb4.24.2&#8243; _module_preset=\u00bbdefault\u00bb header_font=\u00bbCalibri||||||||\u00bb header_font_size=\u00bb22px\u00bb position_font_size=\u00bb16px\u00bb background_color=\u00bb#FFFFFF\u00bb text_orientation=\u00bbcenter\u00bb custom_padding=\u00bb||||false|false\u00bb custom_css_member_description=\u00bbpadding:15px 25px 25px 25px;\u00bb custom_css_title=\u00bbpadding-bottom:5px;\u00bb box_shadow_style=\u00bbpreset1&#8243; box_shadow_blur=\u00bb24px\u00bb box_shadow_color=\u00bbrgba(10,10,10,0.19)\u00bb global_colors_info=\u00bb{}\u00bb custom_css_member_image__hover_enabled=\u00bbon|hover\u00bb][\/et_pb_team_member][\/et_pb_column_inner][et_pb_column_inner type=\u00bb1_3&#8243; saved_specialty_column_type=\u00bb3_4&#8243; _builder_version=\u00bb4.24.2&#8243; _module_preset=\u00bbdefault\u00bb global_colors_info=\u00bb{}\u00bb][et_pb_team_member name=\u00bbAseguradoras\u00bb image_url=\u00bbhttps:\/\/autogamero.com\/wp-content\/uploads\/2024\/03\/asseguradores-1.png\u00bb icon_color=\u00bb#ffffff\u00bb use_icon_font_size=\u00bbon\u00bb icon_font_size=\u00bb14px\u00bb module_class=\u00bbcustom_teammember\u00bb _builder_version=\u00bb4.24.2&#8243; _module_preset=\u00bbdefault\u00bb header_font=\u00bbCalibri||||||||\u00bb header_font_size=\u00bb22px\u00bb position_font_size=\u00bb16px\u00bb background_color=\u00bb#FFFFFF\u00bb text_orientation=\u00bbcenter\u00bb custom_padding=\u00bb||||false|false\u00bb hover_enabled=\u00bb0&#8243; custom_css_member_description=\u00bbpadding:15px 25px 25px 25px;\u00bb custom_css_title=\u00bbpadding-bottom:5px;\u00bb box_shadow_style=\u00bbpreset1&#8243; box_shadow_blur=\u00bb24px\u00bb box_shadow_color=\u00bbrgba(10,10,10,0.19)\u00bb global_colors_info=\u00bb{}\u00bb custom_css_member_image__hover_enabled=\u00bbon|hover\u00bb sticky_enabled=\u00bb0&#8243;][\/et_pb_team_member][\/et_pb_column_inner][et_pb_column_inner type=\u00bb1_3&#8243; saved_specialty_column_type=\u00bb3_4&#8243; _builder_version=\u00bb4.24.2&#8243; _module_preset=\u00bbdefault\u00bb global_colors_info=\u00bb{}\u00bb][et_pb_team_member name=\u00bbNeum\u00e1ticos\u00bb image_url=\u00bbhttps:\/\/autogamero.com\/wp-content\/uploads\/2024\/03\/5.png\u00bb icon_color=\u00bb#ffffff\u00bb use_icon_font_size=\u00bbon\u00bb icon_font_size=\u00bb14px\u00bb module_class=\u00bbcustom_teammember\u00bb _builder_version=\u00bb4.24.2&#8243; _module_preset=\u00bbdefault\u00bb header_font=\u00bbCalibri||||||||\u00bb header_font_size=\u00bb22px\u00bb position_font_size=\u00bb16px\u00bb background_color=\u00bb#FFFFFF\u00bb text_orientation=\u00bbcenter\u00bb custom_padding=\u00bb||||false|false\u00bb custom_css_member_description=\u00bbpadding:15px 25px 25px 25px;\u00bb custom_css_title=\u00bbpadding-bottom:5px;\u00bb box_shadow_style=\u00bbpreset1&#8243; box_shadow_blur=\u00bb24px\u00bb box_shadow_color=\u00bbrgba(10,10,10,0.19)\u00bb global_colors_info=\u00bb{}\u00bb custom_css_member_image__hover_enabled=\u00bbon|hover\u00bb][\/et_pb_team_member][\/et_pb_column_inner][\/et_pb_row_inner][\/et_pb_column][\/et_pb_section]<\/p>\n","protected":false},"excerpt":{"rendered":"<p>ContactoC\/ Pons I Arola N\u00ba. 79 25240 Linyola \u2013 LLEIDA973 575 569autogamero@hotmail.com Servicios Auto GameroTalleres Auto Gamero es taller CertifiedFirst, la red de profesionales en chapa y pintura que ofrece mayores garant\u00edas. La Garant\u00eda FIRST cubre fisuras, p\u00e9rdidas de adherencia y de brillo causadas por materiales de pintura defectuosos en las zonas en las que [&hellip;]<\/p>\n","protected":false},"author":1,"featured_media":0,"parent":0,"menu_order":0,"comment_status":"closed","ping_status":"closed","template":"","meta":{"_et_pb_use_builder":"on","_et_pb_old_content":"","_et_gb_content_width":"","footnotes":""},"class_list":["post-1060","page","type-page","status-publish","hentry"],"yoast_head":"<!-- This site is optimized with the Yoast SEO plugin v27.4 - https:\/\/yoast.com\/product\/yoast-seo-wordpress\/ -->\n<title>Servicios de reparaci\u00f3n y mantenimiento para tu coche<\/title>\n<meta name=\"description\" content=\"Servicios de reparaci\u00f3n en Tallers Auto Gamero: chapa y pintura, mec\u00e1nica, diagnosis, neum\u00e1ticos y m\u00e1s para mantener tu coche como nuevo.\" \/>\n<meta name=\"robots\" content=\"index, follow, max-snippet:-1, max-image-preview:large, max-video-preview:-1\" \/>\n<link rel=\"canonical\" href=\"https:\/\/autogamero.com\/es\/servicios-de-reparacion\/\" \/>\n<meta property=\"og:locale\" content=\"es_ES\" \/>\n<meta property=\"og:type\" content=\"article\" \/>\n<meta property=\"og:title\" content=\"Servicios de reparaci\u00f3n y mantenimiento para tu coche\" \/>\n<meta property=\"og:description\" content=\"Servicios de reparaci\u00f3n en Tallers Auto Gamero: chapa y pintura, mec\u00e1nica, diagnosis, neum\u00e1ticos y m\u00e1s para mantener tu coche como nuevo.\" \/>\n<meta property=\"og:url\" content=\"https:\/\/autogamero.com\/es\/servicios-de-reparacion\/\" \/>\n<meta property=\"og:site_name\" content=\"Tallers Auto Gamero\" \/>\n<meta property=\"article:publisher\" content=\"https:\/\/www.facebook.com\/TalleresAutoGamero\" \/>\n<meta property=\"article:modified_time\" content=\"2025-05-05T10:50:27+00:00\" \/>\n<meta property=\"og:image\" content=\"https:\/\/autogamero.com\/wp-content\/uploads\/2024\/03\/autogamero-2-scaled.jpg\" \/>\n\t<meta property=\"og:image:width\" content=\"2560\" \/>\n\t<meta property=\"og:image:height\" content=\"1312\" \/>\n\t<meta property=\"og:image:type\" content=\"image\/jpeg\" \/>\n<meta name=\"twitter:card\" content=\"summary_large_image\" \/>\n<meta name=\"twitter:label1\" content=\"Tiempo de lectura\" \/>\n\t<meta name=\"twitter:data1\" content=\"2 minutos\" \/>\n<script type=\"application\/ld+json\" class=\"yoast-schema-graph\">{\"@context\":\"https:\\\/\\\/schema.org\",\"@graph\":[{\"@type\":\"WebPage\",\"@id\":\"https:\\\/\\\/autogamero.com\\\/es\\\/servicios-de-reparacion\\\/\",\"url\":\"https:\\\/\\\/autogamero.com\\\/es\\\/servicios-de-reparacion\\\/\",\"name\":\"Servicios de reparaci\u00f3n y mantenimiento para tu coche\",\"isPartOf\":{\"@id\":\"https:\\\/\\\/autogamero.com\\\/es\\\/#website\"},\"datePublished\":\"2020-09-25T06:25:35+00:00\",\"dateModified\":\"2025-05-05T10:50:27+00:00\",\"description\":\"Servicios de reparaci\u00f3n en Tallers Auto Gamero: chapa y pintura, mec\u00e1nica, diagnosis, neum\u00e1ticos y m\u00e1s para mantener tu coche como nuevo.\",\"breadcrumb\":{\"@id\":\"https:\\\/\\\/autogamero.com\\\/es\\\/servicios-de-reparacion\\\/#breadcrumb\"},\"inLanguage\":\"es\",\"potentialAction\":[{\"@type\":\"ReadAction\",\"target\":[\"https:\\\/\\\/autogamero.com\\\/es\\\/servicios-de-reparacion\\\/\"]}]},{\"@type\":\"BreadcrumbList\",\"@id\":\"https:\\\/\\\/autogamero.com\\\/es\\\/servicios-de-reparacion\\\/#breadcrumb\",\"itemListElement\":[{\"@type\":\"ListItem\",\"position\":1,\"name\":\"Inici\",\"item\":\"https:\\\/\\\/autogamero.com\\\/es\\\/\"},{\"@type\":\"ListItem\",\"position\":2,\"name\":\"Servicios\"}]},{\"@type\":\"WebSite\",\"@id\":\"https:\\\/\\\/autogamero.com\\\/es\\\/#website\",\"url\":\"https:\\\/\\\/autogamero.com\\\/es\\\/\",\"name\":\"Tallers Auto Gamero\",\"description\":\"\",\"publisher\":{\"@id\":\"https:\\\/\\\/autogamero.com\\\/es\\\/#organization\"},\"potentialAction\":[{\"@type\":\"SearchAction\",\"target\":{\"@type\":\"EntryPoint\",\"urlTemplate\":\"https:\\\/\\\/autogamero.com\\\/es\\\/?s={search_term_string}\"},\"query-input\":{\"@type\":\"PropertyValueSpecification\",\"valueRequired\":true,\"valueName\":\"search_term_string\"}}],\"inLanguage\":\"es\"},{\"@type\":\"Organization\",\"@id\":\"https:\\\/\\\/autogamero.com\\\/es\\\/#organization\",\"name\":\"Tallers Auto Gamero\",\"url\":\"https:\\\/\\\/autogamero.com\\\/es\\\/\",\"logo\":{\"@type\":\"ImageObject\",\"inLanguage\":\"es\",\"@id\":\"https:\\\/\\\/autogamero.com\\\/es\\\/#\\\/schema\\\/logo\\\/image\\\/\",\"url\":\"https:\\\/\\\/autogamero.com\\\/wp-content\\\/uploads\\\/2024\\\/03\\\/autogamero-1-scaled.jpg\",\"contentUrl\":\"https:\\\/\\\/autogamero.com\\\/wp-content\\\/uploads\\\/2024\\\/03\\\/autogamero-1-scaled.jpg\",\"width\":2560,\"height\":1312,\"caption\":\"Tallers Auto Gamero\"},\"image\":{\"@id\":\"https:\\\/\\\/autogamero.com\\\/es\\\/#\\\/schema\\\/logo\\\/image\\\/\"},\"sameAs\":[\"https:\\\/\\\/www.facebook.com\\\/TalleresAutoGamero\",\"https:\\\/\\\/www.instagram.com\\\/tallers_autogamero\\\/\"]}]}<\/script>\n<!-- \/ Yoast SEO plugin. -->","yoast_head_json":{"title":"Servicios de reparaci\u00f3n y mantenimiento para tu coche","description":"Servicios de reparaci\u00f3n en Tallers Auto Gamero: chapa y pintura, mec\u00e1nica, diagnosis, neum\u00e1ticos y m\u00e1s para mantener tu coche como nuevo.","robots":{"index":"index","follow":"follow","max-snippet":"max-snippet:-1","max-image-preview":"max-image-preview:large","max-video-preview":"max-video-preview:-1"},"canonical":"https:\/\/autogamero.com\/es\/servicios-de-reparacion\/","og_locale":"es_ES","og_type":"article","og_title":"Servicios de reparaci\u00f3n y mantenimiento para tu coche","og_description":"Servicios de reparaci\u00f3n en Tallers Auto Gamero: chapa y pintura, mec\u00e1nica, diagnosis, neum\u00e1ticos y m\u00e1s para mantener tu coche como nuevo.","og_url":"https:\/\/autogamero.com\/es\/servicios-de-reparacion\/","og_site_name":"Tallers Auto Gamero","article_publisher":"https:\/\/www.facebook.com\/TalleresAutoGamero","article_modified_time":"2025-05-05T10:50:27+00:00","og_image":[{"width":2560,"height":1312,"url":"https:\/\/autogamero.com\/wp-content\/uploads\/2024\/03\/autogamero-2-scaled.jpg","type":"image\/jpeg"}],"twitter_card":"summary_large_image","twitter_misc":{"Tiempo de lectura":"2 minutos"},"schema":{"@context":"https:\/\/schema.org","@graph":[{"@type":"WebPage","@id":"https:\/\/autogamero.com\/es\/servicios-de-reparacion\/","url":"https:\/\/autogamero.com\/es\/servicios-de-reparacion\/","name":"Servicios de reparaci\u00f3n y mantenimiento para tu coche","isPartOf":{"@id":"https:\/\/autogamero.com\/es\/#website"},"datePublished":"2020-09-25T06:25:35+00:00","dateModified":"2025-05-05T10:50:27+00:00","description":"Servicios de reparaci\u00f3n en Tallers Auto Gamero: chapa y pintura, mec\u00e1nica, diagnosis, neum\u00e1ticos y m\u00e1s para mantener tu coche como nuevo.","breadcrumb":{"@id":"https:\/\/autogamero.com\/es\/servicios-de-reparacion\/#breadcrumb"},"inLanguage":"es","potentialAction":[{"@type":"ReadAction","target":["https:\/\/autogamero.com\/es\/servicios-de-reparacion\/"]}]},{"@type":"BreadcrumbList","@id":"https:\/\/autogamero.com\/es\/servicios-de-reparacion\/#breadcrumb","itemListElement":[{"@type":"ListItem","position":1,"name":"Inici","item":"https:\/\/autogamero.com\/es\/"},{"@type":"ListItem","position":2,"name":"Servicios"}]},{"@type":"WebSite","@id":"https:\/\/autogamero.com\/es\/#website","url":"https:\/\/autogamero.com\/es\/","name":"Tallers Auto Gamero","description":"","publisher":{"@id":"https:\/\/autogamero.com\/es\/#organization"},"potentialAction":[{"@type":"SearchAction","target":{"@type":"EntryPoint","urlTemplate":"https:\/\/autogamero.com\/es\/?s={search_term_string}"},"query-input":{"@type":"PropertyValueSpecification","valueRequired":true,"valueName":"search_term_string"}}],"inLanguage":"es"},{"@type":"Organization","@id":"https:\/\/autogamero.com\/es\/#organization","name":"Tallers Auto Gamero","url":"https:\/\/autogamero.com\/es\/","logo":{"@type":"ImageObject","inLanguage":"es","@id":"https:\/\/autogamero.com\/es\/#\/schema\/logo\/image\/","url":"https:\/\/autogamero.com\/wp-content\/uploads\/2024\/03\/autogamero-1-scaled.jpg","contentUrl":"https:\/\/autogamero.com\/wp-content\/uploads\/2024\/03\/autogamero-1-scaled.jpg","width":2560,"height":1312,"caption":"Tallers Auto Gamero"},"image":{"@id":"https:\/\/autogamero.com\/es\/#\/schema\/logo\/image\/"},"sameAs":["https:\/\/www.facebook.com\/TalleresAutoGamero","https:\/\/www.instagram.com\/tallers_autogamero\/"]}]}},"_links":{"self":[{"href":"https:\/\/autogamero.com\/es\/wp-json\/wp\/v2\/pages\/1060","targetHints":{"allow":["GET"]}}],"collection":[{"href":"https:\/\/autogamero.com\/es\/wp-json\/wp\/v2\/pages"}],"about":[{"href":"https:\/\/autogamero.com\/es\/wp-json\/wp\/v2\/types\/page"}],"author":[{"embeddable":true,"href":"https:\/\/autogamero.com\/es\/wp-json\/wp\/v2\/users\/1"}],"replies":[{"embeddable":true,"href":"https:\/\/autogamero.com\/es\/wp-json\/wp\/v2\/comments?post=1060"}],"version-history":[{"count":0,"href":"https:\/\/autogamero.com\/es\/wp-json\/wp\/v2\/pages\/1060\/revisions"}],"wp:attachment":[{"href":"https:\/\/autogamero.com\/es\/wp-json\/wp\/v2\/media?parent=1060"}],"curies":[{"name":"wp","href":"https:\/\/api.w.org\/{rel}","templated":true}]}}