{"id":1065,"date":"2020-09-22T08:49:53","date_gmt":"2020-09-22T08:49:53","guid":{"rendered":"https:\/\/autogamero.com\/taller-xapa-i-pintura\/"},"modified":"2025-08-25T10:28:40","modified_gmt":"2025-08-25T10:28:40","slug":"chapa-y-pintura-lleida","status":"publish","type":"page","link":"https:\/\/autogamero.com\/es\/chapa-y-pintura-lleida\/","title":{"rendered":"Taller"},"content":{"rendered":"<p>[et_pb_section fb_built=\u00bb1&#8243; _builder_version=\u00bb4.16&#8243; _module_preset=\u00bbdefault\u00bb custom_padding=\u00bb||4px|||\u00bb global_colors_info=\u00bb{}\u00bb][et_pb_row column_structure=\u00bb1_2,1_2&#8243; _builder_version=\u00bb4.16&#8243; _module_preset=\u00bbdefault\u00bb custom_padding=\u00bb0px||3px||false|false\u00bb global_colors_info=\u00bb{}\u00bb][et_pb_column type=\u00bb1_2&#8243; _builder_version=\u00bb4.16&#8243; _module_preset=\u00bbdefault\u00bb global_colors_info=\u00bb{}\u00bb][et_pb_text _builder_version=\u00bb4.24.2&#8243; _module_preset=\u00bbdefault\u00bb header_2_font=\u00bb|700|||||||\u00bb header_2_font_size=\u00bb46px\u00bb header_3_font=\u00bbCalibri|500|||||||\u00bb header_3_text_align=\u00bbleft\u00bb header_3_text_color=\u00bb#E02B20&#8243; header_3_font_size=\u00bb36px\u00bb custom_margin=\u00bb||0px||false|false\u00bb custom_padding=\u00bb||22px|||\u00bb header_2_font_size_tablet=\u00bb\u00bb header_2_font_size_phone=\u00bb34px\u00bb header_2_font_size_last_edited=\u00bbon|phone\u00bb global_colors_info=\u00bb{}\u00bb]<\/p>\n<h3>TALLERES AUTO GAMERO<\/h3>\n<p>[\/et_pb_text][et_pb_text _builder_version=\u00bb4.27.4&#8243; _module_preset=\u00bbdefault\u00bb text_font=\u00bbCalibri||||||||\u00bb text_font_size=\u00bb16px\u00bb text_line_height=\u00bb1.8em\u00bb hover_enabled=\u00bb0&#8243; text_font_size_tablet=\u00bb\u00bb text_font_size_phone=\u00bb16px\u00bb text_font_size_last_edited=\u00bbon|phone\u00bb global_colors_info=\u00bb{}\u00bb sticky_enabled=\u00bb0&#8243;]<\/p>\n<p>Con m\u00e1s de 35 a\u00f1os de experiencia en el sector, formamos parte de la red de talleres CertifiedFirst, que utiliza pintura <span class=\"hiddenGreenError\" onkeypress=\"CA_SIMPLE_REPLACE_ANGLICISM_PREMIUM---#---0---#---Podeu usar la grafia adaptada d\u2019aquest anglicisme.---#---Pr\u00e8mium---#---Premium---#---Som taller associat a la xara CertifiedFirst que utilitza pintura Premium i processos en la reparaci\u00f3 de carrosseria exterior, certificats mitjan\u00e7ant els rigorosos est\u00e0ndards de qualitat de l'Institut de Recerca sobre Reparaci\u00f3 de Vehicles \" centre=\"\" zaragoza=\"\" per=\"\" a=\"\" assegurar=\"\" els=\"\" m=\"\" xims=\"\" nivells=\"\" de=\"\" qualitat=\"\" i=\"\" satisfacci=\"\" dels=\"\" nostres=\"\" clients=\"\" ---=\"\" ---43=\"\">Premium<\/span> y procesos en la reparaci\u00f3n de carrocer\u00eda exterior, certificados mediante los rigurosos est\u00e1ndares de calidad del Instituto de Investigaci\u00f3n sobre Veh\u00edculos \u00abCentro <span class=\"hiddenSpellError\" onkeypress=\"MORFOLOGIK_RULE_CA_ES---#---0---#---Possible error ortogr\u00e0fic.---#---Pareguda#Caragola#Caregue#Aregue#Caragole#Caragol\u00e0#Paragoge---#---Zaragoza---#---Som taller associat a la xara CertifiedFirst que utilitza pintura Premium i processos en la reparaci\u00f3 de carrosseria exterior, certificats mitjan\u00e7ant els rigorosos est\u00e0ndards de qualitat de l'Institut de Recerca sobre Reparaci\u00f3 de Vehicles \" centre=\"\" zaragoza=\"\" per=\"\" a=\"\" assegurar=\"\" els=\"\" m=\"\" xims=\"\" nivells=\"\" de=\"\" qualitat=\"\" i=\"\" satisfacci=\"\" dels=\"\" nostres=\"\" clients=\"\" ---=\"\" ---43=\"\">Zaragoza<\/span>\u00ab, para asegurar los m\u00e1ximos niveles de calidad y satisfacci\u00f3n de nuestros clientes.<\/p>\n<p><img loading=\"lazy\" decoding=\"async\" src=\"https:\/\/autogamero.com\/wp-content\/uploads\/2024\/03\/logo_largo-300x80.jpg\" alt=\"\" class=\"wp-image-901 alignnone size-medium\" width=\"300\" height=\"80\" \/><\/p>\n<p>En nuestras instalaciones, tambi\u00e9n realizamos cualquier reparaci\u00f3n, desde intervenciones en la mec\u00e1nica de tu veh\u00edculo, electricidad, electr\u00f3nica, transmisi\u00f3n, hasta cambio de lunas, neum\u00e1ticos, revisi\u00f3n Pre-ITV, etc.<\/p>\n<p>[\/et_pb_text][et_pb_button button_url=\u00bbhttps:\/\/es.certifiedfirst.com\/es\/reserva-tu-cita-ahora\/\u00bb url_new_window=\u00bbon\u00bb button_text=\u00bbPedir cita en el taller\u00bb _builder_version=\u00bb4.24.2&#8243; _module_preset=\u00bbdefault\u00bb custom_button=\u00bbon\u00bb button_text_size=\u00bb18px\u00bb button_text_color=\u00bb#ffffff\u00bb button_bg_color=\u00bb#e0261d\u00bb button_border_width=\u00bb0px\u00bb button_font=\u00bb|700||on|||||\u00bb button_use_icon=\u00bboff\u00bb custom_margin=\u00bb40px||||false|false\u00bb button_text_size_tablet=\u00bb\u00bb button_text_size_phone=\u00bb16px\u00bb button_text_size_last_edited=\u00bbon|phone\u00bb global_colors_info=\u00bb{}\u00bb button_bg_color__hover_enabled=\u00bbon|hover\u00bb button_bg_color_gradient_end__hover=\u00bb#c1282a\u00bb button_bg_color_gradient_start__hover=\u00bb#d1651a\u00bb button_bg_color_gradient_stops__hover=\u00bb#d1651a 0%|#c1282a 100%\u00bb button_bg_color__hover=\u00bb#e0261d\u00bb][\/et_pb_button][\/et_pb_column][et_pb_column type=\u00bb1_2&#8243; _builder_version=\u00bb4.16&#8243; _module_preset=\u00bbdefault\u00bb custom_padding=\u00bb||||false|false\u00bb custom_padding_tablet=\u00bb50px||||false|false\u00bb custom_padding_phone=\u00bb\u00bb custom_padding_last_edited=\u00bbon|phone\u00bb global_colors_info=\u00bb{}\u00bb][et_pb_image src=\u00bbhttps:\/\/autogamero.com\/wp-content\/uploads\/2024\/03\/gamero-6.png\u00bb title_text=\u00bbAUOTGAMERO\u00bb align=\u00bbright\u00bb _builder_version=\u00bb4.24.2&#8243; _module_preset=\u00bbdefault\u00bb custom_margin=\u00bb-22px|||||\u00bb global_colors_info=\u00bb{}\u00bb][\/et_pb_image][\/et_pb_column][\/et_pb_row][\/et_pb_section][et_pb_section fb_built=\u00bb1&#8243; _builder_version=\u00bb4.24.2&#8243; _module_preset=\u00bbdefault\u00bb custom_padding=\u00bb3px||2px|||\u00bb global_colors_info=\u00bb{}\u00bb][et_pb_row _builder_version=\u00bb4.24.2&#8243; _module_preset=\u00bbdefault\u00bb custom_padding=\u00bb16px||5px|||\u00bb global_colors_info=\u00bb{}\u00bb][et_pb_column type=\u00bb4_4&#8243; _builder_version=\u00bb4.24.2&#8243; _module_preset=\u00bbdefault\u00bb global_colors_info=\u00bb{}\u00bb][et_pb_text _builder_version=\u00bb4.24.2&#8243; _module_preset=\u00bbdefault\u00bb header_2_font=\u00bb|700|||||||\u00bb header_2_font_size=\u00bb46px\u00bb header_3_font=\u00bbCalibri|500|||||||\u00bb header_3_text_align=\u00bbleft\u00bb header_3_text_color=\u00bb#000000&#8243; header_3_font_size=\u00bb19px\u00bb custom_margin=\u00bb23px||22px||false|false\u00bb custom_padding=\u00bb||0px|||\u00bb header_2_font_size_tablet=\u00bb\u00bb header_2_font_size_phone=\u00bb34px\u00bb header_2_font_size_last_edited=\u00bbon|phone\u00bb global_colors_info=\u00bb{}\u00bb]<\/p>\n<h3>Trabajamos con todas las aseguradoras del mercado y gestionamos por ustedes los siniestros. Somos taller colaborador de:<\/h3>\n<p>[\/et_pb_text][\/et_pb_column][\/et_pb_row][\/et_pb_section][et_pb_section fb_built=\u00bb1&#8243; _builder_version=\u00bb4.24.2&#8243; _module_preset=\u00bbdefault\u00bb custom_padding=\u00bb6px||5px|||\u00bb global_colors_info=\u00bb{}\u00bb][et_pb_row column_structure=\u00bb1_3,1_3,1_3&#8243; _builder_version=\u00bb4.24.2&#8243; _module_preset=\u00bbdefault\u00bb custom_padding=\u00bb4px||||false|false\u00bb global_colors_info=\u00bb{}\u00bb][et_pb_column type=\u00bb1_3&#8243; _builder_version=\u00bb4.24.2&#8243; _module_preset=\u00bbdefault\u00bb global_colors_info=\u00bb{}\u00bb][et_pb_image src=\u00bbhttps:\/\/autogamero.com\/wp-content\/uploads\/2024\/03\/3-2.png\u00bb title_text=\u00bb3&#8243; _builder_version=\u00bb4.24.2&#8243; _module_preset=\u00bbdefault\u00bb custom_margin=\u00bb|-59px||||\u00bb global_colors_info=\u00bb{}\u00bb][\/et_pb_image][\/et_pb_column][et_pb_column type=\u00bb1_3&#8243; _builder_version=\u00bb4.24.2&#8243; _module_preset=\u00bbdefault\u00bb global_colors_info=\u00bb{}\u00bb][et_pb_image src=\u00bbhttps:\/\/autogamero.com\/wp-content\/uploads\/2024\/03\/2-2.png\u00bb title_text=\u00bb2&#8243; _builder_version=\u00bb4.24.2&#8243; _module_preset=\u00bbdefault\u00bb custom_margin=\u00bb|-92px||-16px||\u00bb custom_padding=\u00bb||2px|||\u00bb global_colors_info=\u00bb{}\u00bb][\/et_pb_image][\/et_pb_column][et_pb_column type=\u00bb1_3&#8243; _builder_version=\u00bb4.24.2&#8243; _module_preset=\u00bbdefault\u00bb global_colors_info=\u00bb{}\u00bb][et_pb_image src=\u00bbhttps:\/\/autogamero.com\/wp-content\/uploads\/2024\/03\/1-2.png\u00bb title_text=\u00bb1&#8243; _builder_version=\u00bb4.24.2&#8243; _module_preset=\u00bbdefault\u00bb custom_margin=\u00bb|-137px||||\u00bb global_colors_info=\u00bb{}\u00bb][\/et_pb_image][\/et_pb_column][\/et_pb_row][\/et_pb_section][et_pb_section fb_built=\u00bb1&#8243; _builder_version=\u00bb4.16&#8243; _module_preset=\u00bbdefault\u00bb background_image=\u00bbhttps:\/\/autogamero.com\/wp-content\/uploads\/2024\/03\/right-top.png\u00bb background_size=\u00bbinitial\u00bb background_position=\u00bbtop_right\u00bb custom_padding=\u00bb6px|||||\u00bb background_last_edited=\u00bbon|phone\u00bb background_enable_image_phone=\u00bboff\u00bb global_colors_info=\u00bb{}\u00bb][et_pb_row _builder_version=\u00bb4.24.2&#8243; _module_preset=\u00bbdefault\u00bb global_colors_info=\u00bb{}\u00bb][et_pb_column type=\u00bb4_4&#8243; _builder_version=\u00bb4.24.2&#8243; _module_preset=\u00bbdefault\u00bb global_colors_info=\u00bb{}\u00bb][et_pb_gallery gallery_ids=\u00bb1022,1033,1035,1036,1037&#8243; gallery_orderby=\u00bbrand\u00bb orientation=\u00bbportrait\u00bb show_title_and_caption=\u00bboff\u00bb show_pagination=\u00bboff\u00bb hover_overlay_color=\u00bbRGBA(255,255,255,0)\u00bb _builder_version=\u00bb4.24.2&#8243; _module_preset=\u00bbdefault\u00bb global_colors_info=\u00bb{}\u00bb][\/et_pb_gallery][et_pb_gallery gallery_ids=\u00bb1038,1039,1041,1042&#8243; gallery_orderby=\u00bbrand\u00bb orientation=\u00bbportrait\u00bb show_title_and_caption=\u00bboff\u00bb show_pagination=\u00bboff\u00bb _builder_version=\u00bb4.24.2&#8243; _module_preset=\u00bbdefault\u00bb module_alignment=\u00bbcenter\u00bb global_colors_info=\u00bb{}\u00bb][\/et_pb_gallery][\/et_pb_column][\/et_pb_row][\/et_pb_section][et_pb_section fb_built=\u00bb1&#8243; _builder_version=\u00bb4.24.2&#8243; _module_preset=\u00bbdefault\u00bb background_color=\u00bb#b4231e\u00bb background_enable_image=\u00bboff\u00bb parallax=\u00bbon\u00bb parallax_method=\u00bboff\u00bb custom_padding=\u00bb10px||2px||false|false\u00bb global_colors_info=\u00bb{}\u00bb][et_pb_row _builder_version=\u00bb4.16&#8243; _module_preset=\u00bbdefault\u00bb custom_padding=\u00bb75px||75px||true|false\u00bb global_colors_info=\u00bb{}\u00bb][et_pb_column type=\u00bb4_4&#8243; _builder_version=\u00bb4.16&#8243; _module_preset=\u00bbdefault\u00bb global_colors_info=\u00bb{}\u00bb][et_pb_text _builder_version=\u00bb4.24.2&#8243; _module_preset=\u00bbdefault\u00bb text_font=\u00bb|700|||||||\u00bb text_text_color=\u00bb#ffffff\u00bb text_font_size=\u00bb40px\u00bb text_orientation=\u00bbcenter\u00bb text_font_size_tablet=\u00bb\u00bb text_font_size_phone=\u00bb28px\u00bb text_font_size_last_edited=\u00bbon|phone\u00bb text_line_height_tablet=\u00bb1.1em\u00bb text_line_height_phone=\u00bb\u00bb text_line_height_last_edited=\u00bbon|tablet\u00bb global_colors_info=\u00bb{}\u00bb]<\/p>\n<p>Veh\u00edculo de cortes\u00eda gratuito<\/p>\n<p>[\/et_pb_text][\/et_pb_column][\/et_pb_row][\/et_pb_section]<\/p>\n","protected":false},"excerpt":{"rendered":"<p>TALLERES AUTO GAMEROCon m\u00e1s de 35 a\u00f1os de experiencia en el sector, formamos parte de la red de talleres CertifiedFirst, que utiliza pintura Premium y procesos en la reparaci\u00f3n de carrocer\u00eda exterior, certificados mediante los rigurosos est\u00e1ndares de calidad del Instituto de Investigaci\u00f3n sobre Veh\u00edculos \u00abCentro Zaragoza\u00bb, para asegurar los m\u00e1ximos niveles de calidad y [&hellip;]<\/p>\n","protected":false},"author":1,"featured_media":0,"parent":0,"menu_order":0,"comment_status":"closed","ping_status":"closed","template":"","meta":{"_et_pb_use_builder":"on","_et_pb_old_content":"","_et_gb_content_width":"","footnotes":""},"class_list":["post-1065","page","type-page","status-publish","hentry"],"yoast_head":"<!-- This site is optimized with the Yoast SEO plugin v27.4 - https:\/\/yoast.com\/product\/yoast-seo-wordpress\/ -->\n<title>Chapa y Pintura en Lleida | Tallers Auto Gamero<\/title>\n<meta name=\"description\" content=\"Taller de chapa y pintura en Lleida. Formamos parte de la red CertifiedFirst, profesionales en chapa y pintura con las mejores garant\u00edas.\" \/>\n<meta name=\"robots\" content=\"index, follow, max-snippet:-1, max-image-preview:large, max-video-preview:-1\" \/>\n<link rel=\"canonical\" href=\"https:\/\/autogamero.com\/es\/chapa-y-pintura-lleida\/\" \/>\n<meta property=\"og:locale\" content=\"es_ES\" \/>\n<meta property=\"og:type\" content=\"article\" \/>\n<meta property=\"og:title\" content=\"Chapa y Pintura en Lleida | Tallers Auto Gamero\" \/>\n<meta property=\"og:description\" content=\"Taller de chapa y pintura en Lleida. Formamos parte de la red CertifiedFirst, profesionales en chapa y pintura con las mejores garant\u00edas.\" \/>\n<meta property=\"og:url\" content=\"https:\/\/autogamero.com\/es\/chapa-y-pintura-lleida\/\" \/>\n<meta property=\"og:site_name\" content=\"Tallers Auto Gamero\" \/>\n<meta property=\"article:publisher\" content=\"https:\/\/www.facebook.com\/TalleresAutoGamero\" \/>\n<meta property=\"article:modified_time\" content=\"2025-08-25T10:28:40+00:00\" \/>\n<meta property=\"og:image\" content=\"https:\/\/autogamero.com\/wp-content\/uploads\/2024\/03\/logo_largo-scaled.jpg\" \/>\n\t<meta property=\"og:image:width\" content=\"2560\" \/>\n\t<meta property=\"og:image:height\" content=\"683\" \/>\n\t<meta property=\"og:image:type\" content=\"image\/jpeg\" \/>\n<meta name=\"twitter:card\" content=\"summary_large_image\" \/>\n<meta name=\"twitter:label1\" content=\"Tiempo de lectura\" \/>\n\t<meta name=\"twitter:data1\" content=\"4 minutos\" \/>\n<script type=\"application\/ld+json\" class=\"yoast-schema-graph\">{\"@context\":\"https:\\\/\\\/schema.org\",\"@graph\":[{\"@type\":\"WebPage\",\"@id\":\"https:\\\/\\\/autogamero.com\\\/es\\\/chapa-y-pintura-lleida\\\/\",\"url\":\"https:\\\/\\\/autogamero.com\\\/es\\\/chapa-y-pintura-lleida\\\/\",\"name\":\"Chapa y Pintura en Lleida | Tallers Auto Gamero\",\"isPartOf\":{\"@id\":\"https:\\\/\\\/autogamero.com\\\/es\\\/#website\"},\"primaryImageOfPage\":{\"@id\":\"https:\\\/\\\/autogamero.com\\\/es\\\/chapa-y-pintura-lleida\\\/#primaryimage\"},\"image\":{\"@id\":\"https:\\\/\\\/autogamero.com\\\/es\\\/chapa-y-pintura-lleida\\\/#primaryimage\"},\"thumbnailUrl\":\"https:\\\/\\\/autogamero.com\\\/wp-content\\\/uploads\\\/2024\\\/03\\\/logo_largo-300x80.jpg\",\"datePublished\":\"2020-09-22T08:49:53+00:00\",\"dateModified\":\"2025-08-25T10:28:40+00:00\",\"description\":\"Taller de chapa y pintura en Lleida. Formamos parte de la red CertifiedFirst, profesionales en chapa y pintura con las mejores garant\u00edas.\",\"breadcrumb\":{\"@id\":\"https:\\\/\\\/autogamero.com\\\/es\\\/chapa-y-pintura-lleida\\\/#breadcrumb\"},\"inLanguage\":\"es\",\"potentialAction\":[{\"@type\":\"ReadAction\",\"target\":[\"https:\\\/\\\/autogamero.com\\\/es\\\/chapa-y-pintura-lleida\\\/\"]}]},{\"@type\":\"ImageObject\",\"inLanguage\":\"es\",\"@id\":\"https:\\\/\\\/autogamero.com\\\/es\\\/chapa-y-pintura-lleida\\\/#primaryimage\",\"url\":\"https:\\\/\\\/autogamero.com\\\/wp-content\\\/uploads\\\/2024\\\/03\\\/logo_largo-300x80.jpg\",\"contentUrl\":\"https:\\\/\\\/autogamero.com\\\/wp-content\\\/uploads\\\/2024\\\/03\\\/logo_largo-300x80.jpg\"},{\"@type\":\"BreadcrumbList\",\"@id\":\"https:\\\/\\\/autogamero.com\\\/es\\\/chapa-y-pintura-lleida\\\/#breadcrumb\",\"itemListElement\":[{\"@type\":\"ListItem\",\"position\":1,\"name\":\"Inici\",\"item\":\"https:\\\/\\\/autogamero.com\\\/es\\\/\"},{\"@type\":\"ListItem\",\"position\":2,\"name\":\"Taller\"}]},{\"@type\":\"WebSite\",\"@id\":\"https:\\\/\\\/autogamero.com\\\/es\\\/#website\",\"url\":\"https:\\\/\\\/autogamero.com\\\/es\\\/\",\"name\":\"Tallers Auto Gamero\",\"description\":\"\",\"publisher\":{\"@id\":\"https:\\\/\\\/autogamero.com\\\/es\\\/#organization\"},\"potentialAction\":[{\"@type\":\"SearchAction\",\"target\":{\"@type\":\"EntryPoint\",\"urlTemplate\":\"https:\\\/\\\/autogamero.com\\\/es\\\/?s={search_term_string}\"},\"query-input\":{\"@type\":\"PropertyValueSpecification\",\"valueRequired\":true,\"valueName\":\"search_term_string\"}}],\"inLanguage\":\"es\"},{\"@type\":\"Organization\",\"@id\":\"https:\\\/\\\/autogamero.com\\\/es\\\/#organization\",\"name\":\"Tallers Auto Gamero\",\"url\":\"https:\\\/\\\/autogamero.com\\\/es\\\/\",\"logo\":{\"@type\":\"ImageObject\",\"inLanguage\":\"es\",\"@id\":\"https:\\\/\\\/autogamero.com\\\/es\\\/#\\\/schema\\\/logo\\\/image\\\/\",\"url\":\"https:\\\/\\\/autogamero.com\\\/wp-content\\\/uploads\\\/2024\\\/03\\\/autogamero-1-scaled.jpg\",\"contentUrl\":\"https:\\\/\\\/autogamero.com\\\/wp-content\\\/uploads\\\/2024\\\/03\\\/autogamero-1-scaled.jpg\",\"width\":2560,\"height\":1312,\"caption\":\"Tallers Auto Gamero\"},\"image\":{\"@id\":\"https:\\\/\\\/autogamero.com\\\/es\\\/#\\\/schema\\\/logo\\\/image\\\/\"},\"sameAs\":[\"https:\\\/\\\/www.facebook.com\\\/TalleresAutoGamero\",\"https:\\\/\\\/www.instagram.com\\\/tallers_autogamero\\\/\"]}]}<\/script>\n<!-- \/ Yoast SEO plugin. -->","yoast_head_json":{"title":"Chapa y Pintura en Lleida | Tallers Auto Gamero","description":"Taller de chapa y pintura en Lleida. Formamos parte de la red CertifiedFirst, profesionales en chapa y pintura con las mejores garant\u00edas.","robots":{"index":"index","follow":"follow","max-snippet":"max-snippet:-1","max-image-preview":"max-image-preview:large","max-video-preview":"max-video-preview:-1"},"canonical":"https:\/\/autogamero.com\/es\/chapa-y-pintura-lleida\/","og_locale":"es_ES","og_type":"article","og_title":"Chapa y Pintura en Lleida | Tallers Auto Gamero","og_description":"Taller de chapa y pintura en Lleida. Formamos parte de la red CertifiedFirst, profesionales en chapa y pintura con las mejores garant\u00edas.","og_url":"https:\/\/autogamero.com\/es\/chapa-y-pintura-lleida\/","og_site_name":"Tallers Auto Gamero","article_publisher":"https:\/\/www.facebook.com\/TalleresAutoGamero","article_modified_time":"2025-08-25T10:28:40+00:00","og_image":[{"width":2560,"height":683,"url":"https:\/\/autogamero.com\/wp-content\/uploads\/2024\/03\/logo_largo-scaled.jpg","type":"image\/jpeg"}],"twitter_card":"summary_large_image","twitter_misc":{"Tiempo de lectura":"4 minutos"},"schema":{"@context":"https:\/\/schema.org","@graph":[{"@type":"WebPage","@id":"https:\/\/autogamero.com\/es\/chapa-y-pintura-lleida\/","url":"https:\/\/autogamero.com\/es\/chapa-y-pintura-lleida\/","name":"Chapa y Pintura en Lleida | Tallers Auto Gamero","isPartOf":{"@id":"https:\/\/autogamero.com\/es\/#website"},"primaryImageOfPage":{"@id":"https:\/\/autogamero.com\/es\/chapa-y-pintura-lleida\/#primaryimage"},"image":{"@id":"https:\/\/autogamero.com\/es\/chapa-y-pintura-lleida\/#primaryimage"},"thumbnailUrl":"https:\/\/autogamero.com\/wp-content\/uploads\/2024\/03\/logo_largo-300x80.jpg","datePublished":"2020-09-22T08:49:53+00:00","dateModified":"2025-08-25T10:28:40+00:00","description":"Taller de chapa y pintura en Lleida. Formamos parte de la red CertifiedFirst, profesionales en chapa y pintura con las mejores garant\u00edas.","breadcrumb":{"@id":"https:\/\/autogamero.com\/es\/chapa-y-pintura-lleida\/#breadcrumb"},"inLanguage":"es","potentialAction":[{"@type":"ReadAction","target":["https:\/\/autogamero.com\/es\/chapa-y-pintura-lleida\/"]}]},{"@type":"ImageObject","inLanguage":"es","@id":"https:\/\/autogamero.com\/es\/chapa-y-pintura-lleida\/#primaryimage","url":"https:\/\/autogamero.com\/wp-content\/uploads\/2024\/03\/logo_largo-300x80.jpg","contentUrl":"https:\/\/autogamero.com\/wp-content\/uploads\/2024\/03\/logo_largo-300x80.jpg"},{"@type":"BreadcrumbList","@id":"https:\/\/autogamero.com\/es\/chapa-y-pintura-lleida\/#breadcrumb","itemListElement":[{"@type":"ListItem","position":1,"name":"Inici","item":"https:\/\/autogamero.com\/es\/"},{"@type":"ListItem","position":2,"name":"Taller"}]},{"@type":"WebSite","@id":"https:\/\/autogamero.com\/es\/#website","url":"https:\/\/autogamero.com\/es\/","name":"Tallers Auto Gamero","description":"","publisher":{"@id":"https:\/\/autogamero.com\/es\/#organization"},"potentialAction":[{"@type":"SearchAction","target":{"@type":"EntryPoint","urlTemplate":"https:\/\/autogamero.com\/es\/?s={search_term_string}"},"query-input":{"@type":"PropertyValueSpecification","valueRequired":true,"valueName":"search_term_string"}}],"inLanguage":"es"},{"@type":"Organization","@id":"https:\/\/autogamero.com\/es\/#organization","name":"Tallers Auto Gamero","url":"https:\/\/autogamero.com\/es\/","logo":{"@type":"ImageObject","inLanguage":"es","@id":"https:\/\/autogamero.com\/es\/#\/schema\/logo\/image\/","url":"https:\/\/autogamero.com\/wp-content\/uploads\/2024\/03\/autogamero-1-scaled.jpg","contentUrl":"https:\/\/autogamero.com\/wp-content\/uploads\/2024\/03\/autogamero-1-scaled.jpg","width":2560,"height":1312,"caption":"Tallers Auto Gamero"},"image":{"@id":"https:\/\/autogamero.com\/es\/#\/schema\/logo\/image\/"},"sameAs":["https:\/\/www.facebook.com\/TalleresAutoGamero","https:\/\/www.instagram.com\/tallers_autogamero\/"]}]}},"_links":{"self":[{"href":"https:\/\/autogamero.com\/es\/wp-json\/wp\/v2\/pages\/1065","targetHints":{"allow":["GET"]}}],"collection":[{"href":"https:\/\/autogamero.com\/es\/wp-json\/wp\/v2\/pages"}],"about":[{"href":"https:\/\/autogamero.com\/es\/wp-json\/wp\/v2\/types\/page"}],"author":[{"embeddable":true,"href":"https:\/\/autogamero.com\/es\/wp-json\/wp\/v2\/users\/1"}],"replies":[{"embeddable":true,"href":"https:\/\/autogamero.com\/es\/wp-json\/wp\/v2\/comments?post=1065"}],"version-history":[{"count":0,"href":"https:\/\/autogamero.com\/es\/wp-json\/wp\/v2\/pages\/1065\/revisions"}],"wp:attachment":[{"href":"https:\/\/autogamero.com\/es\/wp-json\/wp\/v2\/media?parent=1065"}],"curies":[{"name":"wp","href":"https:\/\/api.w.org\/{rel}","templated":true}]}}