{"id":1213,"date":"2025-04-14T12:13:21","date_gmt":"2025-04-14T12:13:21","guid":{"rendered":"https:\/\/autogamero.com\/actualitat\/"},"modified":"2025-07-10T16:30:22","modified_gmt":"2025-07-10T16:30:22","slug":"actualidad","status":"publish","type":"page","link":"https:\/\/autogamero.com\/es\/actualidad\/","title":{"rendered":"Actualidad"},"content":{"rendered":"<p>[et_pb_section fb_built=\u00bb1&#8243; admin_label=\u00bbBlog\u00bb _builder_version=\u00bb4.19.1&#8243; _module_preset=\u00bbdefault\u00bb collapsed=\u00bbon\u00bb global_colors_info=\u00bb{}\u00bb][et_pb_row _builder_version=\u00bb4.19.1&#8243; _module_preset=\u00bbdefault\u00bb max_width=\u00bb700px\u00bb global_colors_info=\u00bb{}\u00bb][et_pb_column type=\u00bb4_4&#8243; _builder_version=\u00bb4.19.1&#8243; _module_preset=\u00bbdefault\u00bb global_colors_info=\u00bb{}\u00bb][et_pb_text _builder_version=\u00bb4.27.4&#8243; _module_preset=\u00bb76d0e589-f498-42ce-a04a-c90846f5f8c4&#8243; text_orientation=\u00bbcenter\u00bb custom_margin=\u00bb||0px||false|false\u00bb global_colors_info=\u00bb{}\u00bb]<\/p>\n<h1>Actualidad en el taller<\/h1>\n<p>[\/et_pb_text][et_pb_text _builder_version=\u00bb4.27.4&#8243; _module_preset=\u00bb8bd11c05-fb51-4b3d-87fb-80427e381d21&#8243; text_orientation=\u00bbcenter\u00bb global_colors_info=\u00bb{}\u00bb]En Tallers Auto Gamero somos especialistas en chapa y pintura y en el mantenimiento y reparaci\u00f3n integral de tu veh\u00edculo. Contamos con tecnolog\u00eda y un equipo t\u00e9cnico calificado para asegurar resultados duraderos y seguros.[\/et_pb_text][\/et_pb_column][\/et_pb_row][et_pb_row _builder_version=\u00bb4.19.1&#8243; _module_preset=\u00bbdefault\u00bb global_colors_info=\u00bb{}\u00bb][et_pb_column type=\u00bb4_4&#8243; _builder_version=\u00bb4.19.1&#8243; _module_preset=\u00bbdefault\u00bb global_colors_info=\u00bb{}\u00bb][et_pb_blog fullwidth=\u00bboff\u00bb posts_number=\u00bb9&#8243; include_categories=\u00bball\u00bb excerpt_length=\u00bb160&#8243; show_author=\u00bboff\u00bb show_categories=\u00bboff\u00bb masonry_tile_background_color=\u00bbRGBA(255,255,255,0)\u00bb _builder_version=\u00bb4.27.4&#8243; _module_preset=\u00bb9a6b127f-d8eb-4d9f-952f-54fec4de953a\u00bb header_font=\u00bb||||||||\u00bb header_font_size=\u00bb28px\u00bb header_line_height=\u00bb1.2em\u00bb meta_font=\u00bbSource Sans Pro|600|||||||\u00bb read_more_font=\u00bbSource Sans Pro|700||on|||||\u00bb read_more_text_color=\u00bb#000000&#8243; pagination_font=\u00bbSource Sans Pro|700||on|||||\u00bb pagination_text_color=\u00bb#000000&#8243; hover_enabled=\u00bb0&#8243; header_font_size_tablet=\u00bb16px\u00bb header_font_size_phone=\u00bb15px\u00bb header_font_size_last_edited=\u00bbon|desktop\u00bb border_radii=\u00bbon|30px|30px|30px|30px\u00bb border_color_all=\u00bbrgba(0,0,0,0.12)\u00bb locked=\u00bboff\u00bb global_colors_info=\u00bb{%22gcid-cb91e05a-a65b-4604-a848-3eebeb47b543%22:%91%22meta_text_color%22%93}\u00bb sticky_enabled=\u00bb0&#8243;][\/et_pb_blog][\/et_pb_column][\/et_pb_row][\/et_pb_section]<\/p>\n","protected":false},"excerpt":{"rendered":"<p>Actualidad en el tallerEn Tallers Auto Gamero somos especialistas en chapa y pintura y en el mantenimiento y reparaci\u00f3n integral de tu veh\u00edculo. Contamos con tecnolog\u00eda y un equipo t\u00e9cnico calificado para asegurar resultados duraderos y seguros.<\/p>\n","protected":false},"author":1,"featured_media":0,"parent":0,"menu_order":0,"comment_status":"closed","ping_status":"closed","template":"","meta":{"_et_pb_use_builder":"on","_et_pb_old_content":"","_et_gb_content_width":"","footnotes":""},"class_list":["post-1213","page","type-page","status-publish","hentry"],"yoast_head":"<!-- This site is optimized with the Yoast SEO plugin v27.4 - https:\/\/yoast.com\/product\/yoast-seo-wordpress\/ -->\n<title>Actualidad y tendencias en chapa y pintura | Tallers Auto Gamero<\/title>\n<meta name=\"description\" content=\"Actualidad y tendencias en chapa y pintura de Tallers Auto Gamero: novedades del sector, consejos \u00fatiles y servicios para tu veh\u00edculo.\" \/>\n<meta name=\"robots\" content=\"index, follow, max-snippet:-1, max-image-preview:large, max-video-preview:-1\" \/>\n<link rel=\"canonical\" href=\"https:\/\/autogamero.com\/es\/actualidad\/\" \/>\n<meta property=\"og:locale\" content=\"es_ES\" \/>\n<meta property=\"og:type\" content=\"article\" \/>\n<meta property=\"og:title\" content=\"Actualidad y tendencias en chapa y pintura | Tallers Auto Gamero\" \/>\n<meta property=\"og:description\" content=\"Actualidad y tendencias en chapa y pintura de Tallers Auto Gamero: novedades del sector, consejos \u00fatiles y servicios para tu veh\u00edculo.\" \/>\n<meta property=\"og:url\" content=\"https:\/\/autogamero.com\/es\/actualidad\/\" \/>\n<meta property=\"og:site_name\" content=\"Tallers Auto Gamero\" \/>\n<meta property=\"article:publisher\" content=\"https:\/\/www.facebook.com\/TalleresAutoGamero\" \/>\n<meta property=\"article:modified_time\" content=\"2025-07-10T16:30:22+00:00\" \/>\n<meta property=\"og:image\" content=\"https:\/\/autogamero.com\/wp-content\/uploads\/2024\/03\/autogamero-2-scaled.jpg\" \/>\n\t<meta property=\"og:image:width\" content=\"2560\" \/>\n\t<meta property=\"og:image:height\" content=\"1312\" \/>\n\t<meta property=\"og:image:type\" content=\"image\/jpeg\" \/>\n<meta name=\"twitter:card\" content=\"summary_large_image\" \/>\n<meta name=\"twitter:label1\" content=\"Tiempo de lectura\" \/>\n\t<meta name=\"twitter:data1\" content=\"3 minutos\" \/>\n<script type=\"application\/ld+json\" class=\"yoast-schema-graph\">{\"@context\":\"https:\\\/\\\/schema.org\",\"@graph\":[{\"@type\":\"WebPage\",\"@id\":\"https:\\\/\\\/autogamero.com\\\/es\\\/actualidad\\\/\",\"url\":\"https:\\\/\\\/autogamero.com\\\/es\\\/actualidad\\\/\",\"name\":\"Actualidad y tendencias en chapa y pintura | Tallers Auto Gamero\",\"isPartOf\":{\"@id\":\"https:\\\/\\\/autogamero.com\\\/es\\\/#website\"},\"datePublished\":\"2025-04-14T12:13:21+00:00\",\"dateModified\":\"2025-07-10T16:30:22+00:00\",\"description\":\"Actualidad y tendencias en chapa y pintura de Tallers Auto Gamero: novedades del sector, consejos \u00fatiles y servicios para tu veh\u00edculo.\",\"breadcrumb\":{\"@id\":\"https:\\\/\\\/autogamero.com\\\/es\\\/actualidad\\\/#breadcrumb\"},\"inLanguage\":\"es\",\"potentialAction\":[{\"@type\":\"ReadAction\",\"target\":[\"https:\\\/\\\/autogamero.com\\\/es\\\/actualidad\\\/\"]}]},{\"@type\":\"BreadcrumbList\",\"@id\":\"https:\\\/\\\/autogamero.com\\\/es\\\/actualidad\\\/#breadcrumb\",\"itemListElement\":[{\"@type\":\"ListItem\",\"position\":1,\"name\":\"Inici\",\"item\":\"https:\\\/\\\/autogamero.com\\\/es\\\/\"},{\"@type\":\"ListItem\",\"position\":2,\"name\":\"Actualidad\"}]},{\"@type\":\"WebSite\",\"@id\":\"https:\\\/\\\/autogamero.com\\\/es\\\/#website\",\"url\":\"https:\\\/\\\/autogamero.com\\\/es\\\/\",\"name\":\"Tallers Auto Gamero\",\"description\":\"\",\"publisher\":{\"@id\":\"https:\\\/\\\/autogamero.com\\\/es\\\/#organization\"},\"potentialAction\":[{\"@type\":\"SearchAction\",\"target\":{\"@type\":\"EntryPoint\",\"urlTemplate\":\"https:\\\/\\\/autogamero.com\\\/es\\\/?s={search_term_string}\"},\"query-input\":{\"@type\":\"PropertyValueSpecification\",\"valueRequired\":true,\"valueName\":\"search_term_string\"}}],\"inLanguage\":\"es\"},{\"@type\":\"Organization\",\"@id\":\"https:\\\/\\\/autogamero.com\\\/es\\\/#organization\",\"name\":\"Tallers Auto Gamero\",\"url\":\"https:\\\/\\\/autogamero.com\\\/es\\\/\",\"logo\":{\"@type\":\"ImageObject\",\"inLanguage\":\"es\",\"@id\":\"https:\\\/\\\/autogamero.com\\\/es\\\/#\\\/schema\\\/logo\\\/image\\\/\",\"url\":\"https:\\\/\\\/autogamero.com\\\/wp-content\\\/uploads\\\/2024\\\/03\\\/autogamero-1-scaled.jpg\",\"contentUrl\":\"https:\\\/\\\/autogamero.com\\\/wp-content\\\/uploads\\\/2024\\\/03\\\/autogamero-1-scaled.jpg\",\"width\":2560,\"height\":1312,\"caption\":\"Tallers Auto Gamero\"},\"image\":{\"@id\":\"https:\\\/\\\/autogamero.com\\\/es\\\/#\\\/schema\\\/logo\\\/image\\\/\"},\"sameAs\":[\"https:\\\/\\\/www.facebook.com\\\/TalleresAutoGamero\",\"https:\\\/\\\/www.instagram.com\\\/tallers_autogamero\\\/\"]}]}<\/script>\n<!-- \/ Yoast SEO plugin. -->","yoast_head_json":{"title":"Actualidad y tendencias en chapa y pintura | Tallers Auto Gamero","description":"Actualidad y tendencias en chapa y pintura de Tallers Auto Gamero: novedades del sector, consejos \u00fatiles y servicios para tu veh\u00edculo.","robots":{"index":"index","follow":"follow","max-snippet":"max-snippet:-1","max-image-preview":"max-image-preview:large","max-video-preview":"max-video-preview:-1"},"canonical":"https:\/\/autogamero.com\/es\/actualidad\/","og_locale":"es_ES","og_type":"article","og_title":"Actualidad y tendencias en chapa y pintura | Tallers Auto Gamero","og_description":"Actualidad y tendencias en chapa y pintura de Tallers Auto Gamero: novedades del sector, consejos \u00fatiles y servicios para tu veh\u00edculo.","og_url":"https:\/\/autogamero.com\/es\/actualidad\/","og_site_name":"Tallers Auto Gamero","article_publisher":"https:\/\/www.facebook.com\/TalleresAutoGamero","article_modified_time":"2025-07-10T16:30:22+00:00","og_image":[{"width":2560,"height":1312,"url":"https:\/\/autogamero.com\/wp-content\/uploads\/2024\/03\/autogamero-2-scaled.jpg","type":"image\/jpeg"}],"twitter_card":"summary_large_image","twitter_misc":{"Tiempo de lectura":"3 minutos"},"schema":{"@context":"https:\/\/schema.org","@graph":[{"@type":"WebPage","@id":"https:\/\/autogamero.com\/es\/actualidad\/","url":"https:\/\/autogamero.com\/es\/actualidad\/","name":"Actualidad y tendencias en chapa y pintura | Tallers Auto Gamero","isPartOf":{"@id":"https:\/\/autogamero.com\/es\/#website"},"datePublished":"2025-04-14T12:13:21+00:00","dateModified":"2025-07-10T16:30:22+00:00","description":"Actualidad y tendencias en chapa y pintura de Tallers Auto Gamero: novedades del sector, consejos \u00fatiles y servicios para tu veh\u00edculo.","breadcrumb":{"@id":"https:\/\/autogamero.com\/es\/actualidad\/#breadcrumb"},"inLanguage":"es","potentialAction":[{"@type":"ReadAction","target":["https:\/\/autogamero.com\/es\/actualidad\/"]}]},{"@type":"BreadcrumbList","@id":"https:\/\/autogamero.com\/es\/actualidad\/#breadcrumb","itemListElement":[{"@type":"ListItem","position":1,"name":"Inici","item":"https:\/\/autogamero.com\/es\/"},{"@type":"ListItem","position":2,"name":"Actualidad"}]},{"@type":"WebSite","@id":"https:\/\/autogamero.com\/es\/#website","url":"https:\/\/autogamero.com\/es\/","name":"Tallers Auto Gamero","description":"","publisher":{"@id":"https:\/\/autogamero.com\/es\/#organization"},"potentialAction":[{"@type":"SearchAction","target":{"@type":"EntryPoint","urlTemplate":"https:\/\/autogamero.com\/es\/?s={search_term_string}"},"query-input":{"@type":"PropertyValueSpecification","valueRequired":true,"valueName":"search_term_string"}}],"inLanguage":"es"},{"@type":"Organization","@id":"https:\/\/autogamero.com\/es\/#organization","name":"Tallers Auto Gamero","url":"https:\/\/autogamero.com\/es\/","logo":{"@type":"ImageObject","inLanguage":"es","@id":"https:\/\/autogamero.com\/es\/#\/schema\/logo\/image\/","url":"https:\/\/autogamero.com\/wp-content\/uploads\/2024\/03\/autogamero-1-scaled.jpg","contentUrl":"https:\/\/autogamero.com\/wp-content\/uploads\/2024\/03\/autogamero-1-scaled.jpg","width":2560,"height":1312,"caption":"Tallers Auto Gamero"},"image":{"@id":"https:\/\/autogamero.com\/es\/#\/schema\/logo\/image\/"},"sameAs":["https:\/\/www.facebook.com\/TalleresAutoGamero","https:\/\/www.instagram.com\/tallers_autogamero\/"]}]}},"_links":{"self":[{"href":"https:\/\/autogamero.com\/es\/wp-json\/wp\/v2\/pages\/1213","targetHints":{"allow":["GET"]}}],"collection":[{"href":"https:\/\/autogamero.com\/es\/wp-json\/wp\/v2\/pages"}],"about":[{"href":"https:\/\/autogamero.com\/es\/wp-json\/wp\/v2\/types\/page"}],"author":[{"embeddable":true,"href":"https:\/\/autogamero.com\/es\/wp-json\/wp\/v2\/users\/1"}],"replies":[{"embeddable":true,"href":"https:\/\/autogamero.com\/es\/wp-json\/wp\/v2\/comments?post=1213"}],"version-history":[{"count":0,"href":"https:\/\/autogamero.com\/es\/wp-json\/wp\/v2\/pages\/1213\/revisions"}],"wp:attachment":[{"href":"https:\/\/autogamero.com\/es\/wp-json\/wp\/v2\/media?parent=1213"}],"curies":[{"name":"wp","href":"https:\/\/api.w.org\/{rel}","templated":true}]}}